{"id":79075,"date":"2019-09-04T15:50:38","date_gmt":"2019-09-04T13:50:38","guid":{"rendered":"https:\/\/www.fauvin.com\/latelier\/"},"modified":"2020-03-11T09:58:45","modified_gmt":"2020-03-11T08:58:45","slug":"latelier","status":"publish","type":"page","link":"https:\/\/www.fauvin.com\/en\/latelier\/","title":{"rendered":"THE WORKSHOP"},"content":{"rendered":"<div class=\"wpb-content-wrapper\"><p>[vc_row unlock_row_content=&#8221;yes&#8221; row_height_percent=&#8221;0&#8243; override_padding=&#8221;yes&#8221; h_padding=&#8221;2&#8243; top_padding=&#8221;5&#8243; bottom_padding=&#8221;5&#8243; back_color=&#8221;color-nhtu&#8221; overlay_alpha=&#8221;50&#8243; equal_height=&#8221;yes&#8221; gutter_size=&#8221;4&#8243; column_width_percent=&#8221;100&#8243; shift_y=&#8221;0&#8243; z_index=&#8221;0&#8243;][vc_column column_width_use_pixel=&#8221;yes&#8221; position_vertical=&#8221;middle&#8221; align_horizontal=&#8221;align_center&#8221; gutter_size=&#8221;3&#8243; style=&#8221;dark&#8221; overlay_alpha=&#8221;50&#8243; shift_x=&#8221;0&#8243; shift_y=&#8221;0&#8243; shift_y_down=&#8221;0&#8243; z_index=&#8221;0&#8243; medium_width=&#8221;0&#8243; mobile_width=&#8221;0&#8243; width=&#8221;1\/1&#8243; column_width_pixel=&#8221;1200&#8243;][vc_custom_heading heading_semantic=&#8221;h3&#8243; text_size=&#8221;h3&#8243;]The Workshop, the heart (and soul) of the Domaine Musical of Petignac.[\/vc_custom_heading][vc_single_image media=&#8221;79174&#8243; media_width_percent=&#8221;100&#8243; media_ratio=&#8221;twentyone-nine&#8221; alignment=&#8221;center&#8221;][vc_column_text text_lead=&#8221;yes&#8221;]In the Domaine Musical of Petignac the workshop is the reference, supporting and leading all our actions and measures, a living shop, that evolves and changes continuously : welcoming clients, repairing and restoring, greeting groups, fetes or conferences, transporting and delivering, concert services, it all turns around the workshop.<\/p>\n<p>Restorations conducted in the rules of the art by C\u00e9dric, Simon, Fran\u00e7ois, Fred, Joseph and Lenie, but always under the eye and the look of G\u00e9rard Fauvin .<\/p>\n<p>For the last 33 years the workshop, a sanctuary in Petignac, has seen a sequence of prestigious and fabulous pianos. Some for restoration, others for maintenance. Some have only remained here for a few days, some a few years ![\/vc_column_text][\/vc_column][\/vc_row][vc_row unlock_row_content=&#8221;yes&#8221; row_height_percent=&#8221;50&#8243; override_padding=&#8221;yes&#8221; h_padding=&#8221;2&#8243; top_padding=&#8221;5&#8243; bottom_padding=&#8221;2&#8243; overlay_alpha=&#8221;50&#8243; gutter_size=&#8221;4&#8243; column_width_percent=&#8221;100&#8243; shift_y=&#8221;0&#8243; z_index=&#8221;0&#8243; el_class=&#8221;inverted-device-order&#8221;][vc_column column_width_use_pixel=&#8221;yes&#8221; position_vertical=&#8221;middle&#8221; gutter_size=&#8221;3&#8243; overlay_alpha=&#8221;50&#8243; shift_x=&#8221;0&#8243; shift_y=&#8221;0&#8243; shift_y_down=&#8221;0&#8243; z_index=&#8221;0&#8243; medium_width=&#8221;0&#8243; mobile_width=&#8221;0&#8243; width=&#8221;1\/2&#8243; column_width_pixel=&#8221;900&#8243;][vc_custom_heading heading_semantic=&#8221;h6&#8243; text_font=&#8221;font-857472&#8243; text_size=&#8221;h6&#8243; text_transform=&#8221;uppercase&#8221; text_color=&#8221;accent&#8221;]Discover[\/vc_custom_heading][vc_custom_heading heading_semantic=&#8221;h3&#8243; text_size=&#8221;h1&#8243; text_color=&#8221;accent&#8221; subheading=&#8221;The restoration of a piano is an adventure that keeps renewing itself. Each instrument brings its own experience, difficulties, discoveries and joys. This may be the reason why we only become restorers after years of practice, but we remain apprentices in our soul.<\/p>\n<p>Find out what it is:<br \/>\n&#8211; Restoration in the noble sense<br \/>\n&#8211; Quality Restoration<br \/>\n&#8211; Historical Restoration&#8221;]RESTORATION AND<br \/>\nTHE KNOW-HOW[\/vc_custom_heading][vc_button border_width=&#8221;0&#8243; link=&#8221;url:https%3A%2F%2Fwww.fauvin.com%2Fen%2Fla-restauration%2F%3Flang%3Den|&#8221;]Find out more[\/vc_button][\/vc_column][vc_column width=&#8221;1\/2&#8243;][vc_single_image media=&#8221;79180&#8243; media_width_percent=&#8221;100&#8243; media_ratio=&#8221;four-three&#8221;][\/vc_column][\/vc_row][vc_row unlock_row_content=&#8221;yes&#8221; row_height_percent=&#8221;50&#8243; override_padding=&#8221;yes&#8221; h_padding=&#8221;2&#8243; top_padding=&#8221;2&#8243; bottom_padding=&#8221;0&#8243; back_color=&#8221;color-nhtu&#8221; overlay_alpha=&#8221;50&#8243; gutter_size=&#8221;4&#8243; column_width_percent=&#8221;100&#8243; shift_y=&#8221;0&#8243; z_index=&#8221;0&#8243;][vc_column width=&#8221;1\/2&#8243;][vc_single_image media=&#8221;79195&#8243; caption=&#8221;yes&#8221; media_width_percent=&#8221;100&#8243; media_ratio=&#8221;four-three&#8221;][vc_custom_heading separator=&#8221;yes&#8221;]<\/p>\n<h4 style=\"text-align: center;\"><span style=\"color: #ffffff;\">Steinway Hamburg factory<\/span><\/h4>\n<p>[\/vc_custom_heading][\/vc_column][vc_column column_width_use_pixel=&#8221;yes&#8221; position_vertical=&#8221;middle&#8221; gutter_size=&#8221;3&#8243; style=&#8221;dark&#8221; overlay_alpha=&#8221;50&#8243; shift_x=&#8221;0&#8243; shift_y=&#8221;0&#8243; shift_y_down=&#8221;0&#8243; z_index=&#8221;0&#8243; medium_width=&#8221;0&#8243; mobile_width=&#8221;0&#8243; width=&#8221;1\/2&#8243; column_width_pixel=&#8221;900&#8243;][vc_custom_heading heading_semantic=&#8221;h6&#8243; text_font=&#8221;font-857472&#8243; text_size=&#8221;h6&#8243; text_transform=&#8221;uppercase&#8221; text_color=&#8221;color-xsdn&#8221;]Discover[\/vc_custom_heading][vc_custom_heading heading_semantic=&#8221;h3&#8243; text_size=&#8221;h1&#8243; subheading=&#8221;Today, depending on all unique and individual characteristics of every instrument (type, state and nature of the furniture) its bass string materials (standard steel or copper, old fashioned drawing, brass on steel for exemple, damages provoked by humidity or dryness etc etc) it takes a minimum of 250 hours to restore a piano.<\/p>\n<p>Restoring a piano, without discriminating between tradition restoration and historical restoration, means spending the necessary time to inspect, diagnostic, prepare a precise quote, insuring transportation, enforce the work of our craftsmen using the best materials possible, which means the most appropriate for your piano, according to your taste and choices.<\/p>\n<p>Too often you are sold a \u201cstandard exchange of parts and felts\u201d. And Your piano looses then all quality and value. Restoring doesn\u2019t mean pushing in large pegs and glueing new felts.<\/p>\n<p>This is the main reason why you should know that prices (excluding VAT) start at 10.000 for an upright piano and at 12.000 for a grand piano. The restoration of an historical piano would reasonably start at 18.000 (still excluding VAT).&#8221;]A restoration[\/vc_custom_heading][vc_button size=&#8221;btn-lg&#8221; border_width=&#8221;0&#8243; link=&#8221;url:https%3A%2F%2Fwww.fauvin.com%2Fen%2Fcontact%2F%3Flang%3Den|title:contact|&#8221;]I&#8217;m interested[\/vc_button][vc_empty_space empty_h=&#8221;3&#8243;][\/vc_column][\/vc_row]<\/p>\n<\/div>","protected":false},"excerpt":{"rendered":"<p>[vc_row unlock_row_content=&#8221;yes&#8221; row_height_percent=&#8221;0&#8243; override_padding=&#8221;yes&#8221; h_padding=&#8221;2&#8243; top_padding=&#8221;5&#8243; bottom_padding=&#8221;5&#8243; back_color=&#8221;color-nhtu&#8221; overlay_alpha=&#8221;50&#8243; equal_height=&#8221;yes&#8221; gutter_size=&#8221;4&#8243; column_width_percent=&#8221;100&#8243; shift_y=&#8221;0&#8243; z_index=&#8221;0&#8243;][vc_column column_width_use_pixel=&#8221;yes&#8221; position_vertical=&#8221;middle&#8221; align_horizontal=&#8221;align_center&#8221; gutter_size=&#8221;3&#8243; style=&#8221;dark&#8221; overlay_alpha=&#8221;50&#8243; [&hellip;]<\/p>\n","protected":false},"author":2,"featured_media":0,"parent":0,"menu_order":0,"comment_status":"closed","ping_status":"closed","template":"","meta":{"footnotes":""},"yoast_head":"<!-- This site is optimized with the Yoast SEO plugin v22.9 - https:\/\/yoast.com\/wordpress\/plugins\/seo\/ -->\n<title>The workshop the Musical Domain of P\u00e9tignac<\/title>\n<meta name=\"description\" content=\"The workshop of the Domaine Musical de P\u00e9tignac is in charge of the repair and restoration of the instruments, it also hosts parties and conferences.\" \/>\n<meta name=\"robots\" content=\"index, follow, max-snippet:-1, max-image-preview:large, max-video-preview:-1\" \/>\n<link rel=\"canonical\" href=\"https:\/\/www.fauvin.com\/en\/latelier\/\" \/>\n<meta property=\"og:locale\" content=\"en_US\" \/>\n<meta property=\"og:type\" content=\"article\" \/>\n<meta property=\"og:title\" content=\"The workshop the Musical Domain of P\u00e9tignac\" \/>\n<meta property=\"og:description\" content=\"The workshop of the Domaine Musical de P\u00e9tignac is in charge of the repair and restoration of the instruments, it also hosts parties and conferences.\" \/>\n<meta property=\"og:url\" content=\"https:\/\/www.fauvin.com\/en\/latelier\/\" \/>\n<meta property=\"og:site_name\" content=\"Domaine Musical de P\u00e9tignac\" \/>\n<meta property=\"article:modified_time\" content=\"2020-03-11T08:58:45+00:00\" \/>\n<meta name=\"twitter:card\" content=\"summary_large_image\" \/>\n<meta name=\"twitter:label1\" content=\"Est. reading time\" \/>\n\t<meta name=\"twitter:data1\" content=\"4 minutes\" \/>\n<script type=\"application\/ld+json\" class=\"yoast-schema-graph\">{\"@context\":\"https:\/\/schema.org\",\"@graph\":[{\"@type\":\"WebPage\",\"@id\":\"https:\/\/www.fauvin.com\/en\/latelier\/\",\"url\":\"https:\/\/www.fauvin.com\/en\/latelier\/\",\"name\":\"The workshop the Musical Domain of P\u00e9tignac\",\"isPartOf\":{\"@id\":\"https:\/\/www.fauvin.com\/#website\"},\"datePublished\":\"2019-09-04T13:50:38+00:00\",\"dateModified\":\"2020-03-11T08:58:45+00:00\",\"description\":\"The workshop of the Domaine Musical de P\u00e9tignac is in charge of the repair and restoration of the instruments, it also hosts parties and conferences.\",\"breadcrumb\":{\"@id\":\"https:\/\/www.fauvin.com\/en\/latelier\/#breadcrumb\"},\"inLanguage\":\"en-US\",\"potentialAction\":[{\"@type\":\"ReadAction\",\"target\":[\"https:\/\/www.fauvin.com\/en\/latelier\/\"]}]},{\"@type\":\"BreadcrumbList\",\"@id\":\"https:\/\/www.fauvin.com\/en\/latelier\/#breadcrumb\",\"itemListElement\":[{\"@type\":\"ListItem\",\"position\":1,\"name\":\"Accueil\",\"item\":\"https:\/\/www.fauvin.com\/en\/\"},{\"@type\":\"ListItem\",\"position\":2,\"name\":\"THE WORKSHOP\"}]},{\"@type\":\"WebSite\",\"@id\":\"https:\/\/www.fauvin.com\/#website\",\"url\":\"https:\/\/www.fauvin.com\/\",\"name\":\"Domaine Musical de P\u00e9tignac\",\"description\":\"Fauvin\",\"potentialAction\":[{\"@type\":\"SearchAction\",\"target\":{\"@type\":\"EntryPoint\",\"urlTemplate\":\"https:\/\/www.fauvin.com\/?s={search_term_string}\"},\"query-input\":\"required name=search_term_string\"}],\"inLanguage\":\"en-US\"}]}<\/script>\n<!-- \/ Yoast SEO plugin. -->","yoast_head_json":{"title":"The workshop the Musical Domain of P\u00e9tignac","description":"The workshop of the Domaine Musical de P\u00e9tignac is in charge of the repair and restoration of the instruments, it also hosts parties and conferences.","robots":{"index":"index","follow":"follow","max-snippet":"max-snippet:-1","max-image-preview":"max-image-preview:large","max-video-preview":"max-video-preview:-1"},"canonical":"https:\/\/www.fauvin.com\/en\/latelier\/","og_locale":"en_US","og_type":"article","og_title":"The workshop the Musical Domain of P\u00e9tignac","og_description":"The workshop of the Domaine Musical de P\u00e9tignac is in charge of the repair and restoration of the instruments, it also hosts parties and conferences.","og_url":"https:\/\/www.fauvin.com\/en\/latelier\/","og_site_name":"Domaine Musical de P\u00e9tignac","article_modified_time":"2020-03-11T08:58:45+00:00","twitter_card":"summary_large_image","twitter_misc":{"Est. reading time":"4 minutes"},"schema":{"@context":"https:\/\/schema.org","@graph":[{"@type":"WebPage","@id":"https:\/\/www.fauvin.com\/en\/latelier\/","url":"https:\/\/www.fauvin.com\/en\/latelier\/","name":"The workshop the Musical Domain of P\u00e9tignac","isPartOf":{"@id":"https:\/\/www.fauvin.com\/#website"},"datePublished":"2019-09-04T13:50:38+00:00","dateModified":"2020-03-11T08:58:45+00:00","description":"The workshop of the Domaine Musical de P\u00e9tignac is in charge of the repair and restoration of the instruments, it also hosts parties and conferences.","breadcrumb":{"@id":"https:\/\/www.fauvin.com\/en\/latelier\/#breadcrumb"},"inLanguage":"en-US","potentialAction":[{"@type":"ReadAction","target":["https:\/\/www.fauvin.com\/en\/latelier\/"]}]},{"@type":"BreadcrumbList","@id":"https:\/\/www.fauvin.com\/en\/latelier\/#breadcrumb","itemListElement":[{"@type":"ListItem","position":1,"name":"Accueil","item":"https:\/\/www.fauvin.com\/en\/"},{"@type":"ListItem","position":2,"name":"THE WORKSHOP"}]},{"@type":"WebSite","@id":"https:\/\/www.fauvin.com\/#website","url":"https:\/\/www.fauvin.com\/","name":"Domaine Musical de P\u00e9tignac","description":"Fauvin","potentialAction":[{"@type":"SearchAction","target":{"@type":"EntryPoint","urlTemplate":"https:\/\/www.fauvin.com\/?s={search_term_string}"},"query-input":"required name=search_term_string"}],"inLanguage":"en-US"}]}},"_links":{"self":[{"href":"https:\/\/www.fauvin.com\/en\/wp-json\/wp\/v2\/pages\/79075"}],"collection":[{"href":"https:\/\/www.fauvin.com\/en\/wp-json\/wp\/v2\/pages"}],"about":[{"href":"https:\/\/www.fauvin.com\/en\/wp-json\/wp\/v2\/types\/page"}],"author":[{"embeddable":true,"href":"https:\/\/www.fauvin.com\/en\/wp-json\/wp\/v2\/users\/2"}],"replies":[{"embeddable":true,"href":"https:\/\/www.fauvin.com\/en\/wp-json\/wp\/v2\/comments?post=79075"}],"version-history":[{"count":25,"href":"https:\/\/www.fauvin.com\/en\/wp-json\/wp\/v2\/pages\/79075\/revisions"}],"predecessor-version":[{"id":80568,"href":"https:\/\/www.fauvin.com\/en\/wp-json\/wp\/v2\/pages\/79075\/revisions\/80568"}],"wp:attachment":[{"href":"https:\/\/www.fauvin.com\/en\/wp-json\/wp\/v2\/media?parent=79075"}],"curies":[{"name":"wp","href":"https:\/\/api.w.org\/{rel}","templated":true}]}}