{"id":80473,"date":"2020-02-11T15:40:30","date_gmt":"2020-02-11T14:40:30","guid":{"rendered":"https:\/\/www.fauvin.com\/our-memories\/"},"modified":"2020-03-13T11:05:48","modified_gmt":"2020-03-13T10:05:48","slug":"our-memories","status":"publish","type":"page","link":"https:\/\/www.fauvin.com\/en\/our-memories\/","title":{"rendered":"Our Memories"},"content":{"rendered":"<div class=\"wpb-content-wrapper\"><p>[vc_row][vc_column width=&#8221;1\/2&#8243;][vc_single_image media=&#8221;80268&#8243; media_width_percent=&#8221;100&#8243;][vc_custom_heading heading_semantic=&#8221;h3&#8243;]Journ\u00e9e avec le CRR de Limoges et le p\u00f4le Ali\u00e9nor de Poitiers &#8211; Janvier 2020[\/vc_custom_heading][vc_button button_color=&#8221;accent&#8221; border_width=&#8221;0&#8243; link=&#8221;url:https%3A%2F%2Fwww.fauvin.com%2Fen%2Fparcours-pedagogique-du-crr-de-limoges-et-du-pole-sup-alienor-de-poitiers%2F%3Flang%3Den|target:%20_blank|&#8221;]Galerie Photo[\/vc_button][\/vc_column][vc_column width=&#8221;1\/2&#8243;][vc_single_image media=&#8221;80345&#8243; media_width_percent=&#8221;100&#8243;][vc_custom_heading heading_semantic=&#8221;h3&#8243;]1001 Notes en Limousin[\/vc_custom_heading][vc_button button_color=&#8221;accent&#8221; border_width=&#8221;0&#8243; link=&#8221;url:https%3A%2F%2Fwww.fauvin.com%2Fen%2F1001-notes-en-limousin%2F%3Flang%3Den|target:%20_blank|&#8221;]Galerie Photo[\/vc_button][\/vc_column][\/vc_row][vc_row][vc_column width=&#8221;1\/2&#8243;][vc_empty_space empty_h=&#8221;5&#8243;][vc_single_image media=&#8221;80348&#8243; media_width_percent=&#8221;100&#8243;][vc_empty_space empty_h=&#8221;3&#8243;][vc_custom_heading heading_semantic=&#8221;h3&#8243;]Concerts organis\u00e9s par l&#8217;Amateur de Piano[\/vc_custom_heading][vc_button button_color=&#8221;accent&#8221; border_width=&#8221;0&#8243; link=&#8221;url:https%3A%2F%2Fwww.fauvin.com%2Fen%2Fconcerts-organises-par-lamateur-de-piano%2F%3Flang%3Den|target:%20_blank|&#8221;]Galerie photo[\/vc_button][\/vc_column][vc_column width=&#8221;1\/2&#8243;][vc_single_image media=&#8221;80403&#8243; media_width_percent=&#8221;100&#8243;][vc_custom_heading heading_semantic=&#8221;h3&#8243;]<\/p>\n<h1>Ev\u00e9nements Steinway &amp; Meukow &#8211; Mai 2017<\/h1>\n<p>[\/vc_custom_heading][vc_button button_color=&#8221;accent&#8221; border_width=&#8221;0&#8243; link=&#8221;url:https%3A%2F%2Fwww.fauvin.com%2Fen%2Fevenements-steinway-meukow%2F%3Flang%3Den|target:%20_blank|&#8221;]Galerie photo[\/vc_button][\/vc_column][\/vc_row]<\/p>\n<\/div>","protected":false},"excerpt":{"rendered":"<p>[vc_row][vc_column width=&#8221;1\/2&#8243;][vc_single_image media=&#8221;80268&#8243; media_width_percent=&#8221;100&#8243;][vc_custom_heading heading_semantic=&#8221;h3&#8243;]Journ\u00e9e avec le CRR de Limoges et le p\u00f4le Ali\u00e9nor de Poitiers &#8211; Janvier 2020[\/vc_custom_heading][vc_button button_color=&#8221;accent&#8221; [&hellip;]<\/p>\n","protected":false},"author":4,"featured_media":0,"parent":0,"menu_order":0,"comment_status":"closed","ping_status":"closed","template":"","meta":{"footnotes":""},"yoast_head":"<!-- This site is optimized with the Yoast SEO plugin v22.9 - https:\/\/yoast.com\/wordpress\/plugins\/seo\/ -->\n<title>Our Memories - Domaine Musical de P\u00e9tignac<\/title>\n<meta name=\"robots\" content=\"index, follow, max-snippet:-1, max-image-preview:large, max-video-preview:-1\" \/>\n<link rel=\"canonical\" href=\"https:\/\/www.fauvin.com\/en\/our-memories\/\" \/>\n<meta property=\"og:locale\" content=\"en_US\" \/>\n<meta property=\"og:type\" content=\"article\" \/>\n<meta property=\"og:title\" content=\"Our Memories - Domaine Musical de P\u00e9tignac\" \/>\n<meta property=\"og:description\" content=\"[vc_row][vc_column width=&#8221;1\/2&#8243;][vc_single_image media=&#8221;80268&#8243; media_width_percent=&#8221;100&#8243;][vc_custom_heading heading_semantic=&#8221;h3&#8243;]Journ\u00e9e avec le CRR de Limoges et le p\u00f4le Ali\u00e9nor de Poitiers &#8211; Janvier 2020[\/vc_custom_heading][vc_button button_color=&#8221;accent&#8221; [&hellip;]\" \/>\n<meta property=\"og:url\" content=\"https:\/\/www.fauvin.com\/en\/our-memories\/\" \/>\n<meta property=\"og:site_name\" content=\"Domaine Musical de P\u00e9tignac\" \/>\n<meta property=\"article:modified_time\" content=\"2020-03-13T10:05:48+00:00\" \/>\n<meta name=\"twitter:card\" content=\"summary_large_image\" \/>\n<meta name=\"twitter:label1\" content=\"Est. reading time\" \/>\n\t<meta name=\"twitter:data1\" content=\"1 minute\" \/>\n<script type=\"application\/ld+json\" class=\"yoast-schema-graph\">{\"@context\":\"https:\/\/schema.org\",\"@graph\":[{\"@type\":\"WebPage\",\"@id\":\"https:\/\/www.fauvin.com\/en\/our-memories\/\",\"url\":\"https:\/\/www.fauvin.com\/en\/our-memories\/\",\"name\":\"Our Memories - Domaine Musical de P\u00e9tignac\",\"isPartOf\":{\"@id\":\"https:\/\/www.fauvin.com\/#website\"},\"datePublished\":\"2020-02-11T14:40:30+00:00\",\"dateModified\":\"2020-03-13T10:05:48+00:00\",\"breadcrumb\":{\"@id\":\"https:\/\/www.fauvin.com\/en\/our-memories\/#breadcrumb\"},\"inLanguage\":\"en-US\",\"potentialAction\":[{\"@type\":\"ReadAction\",\"target\":[\"https:\/\/www.fauvin.com\/en\/our-memories\/\"]}]},{\"@type\":\"BreadcrumbList\",\"@id\":\"https:\/\/www.fauvin.com\/en\/our-memories\/#breadcrumb\",\"itemListElement\":[{\"@type\":\"ListItem\",\"position\":1,\"name\":\"Accueil\",\"item\":\"https:\/\/www.fauvin.com\/en\/\"},{\"@type\":\"ListItem\",\"position\":2,\"name\":\"Our Memories\"}]},{\"@type\":\"WebSite\",\"@id\":\"https:\/\/www.fauvin.com\/#website\",\"url\":\"https:\/\/www.fauvin.com\/\",\"name\":\"Domaine Musical de P\u00e9tignac\",\"description\":\"Fauvin\",\"potentialAction\":[{\"@type\":\"SearchAction\",\"target\":{\"@type\":\"EntryPoint\",\"urlTemplate\":\"https:\/\/www.fauvin.com\/?s={search_term_string}\"},\"query-input\":\"required name=search_term_string\"}],\"inLanguage\":\"en-US\"}]}<\/script>\n<!-- \/ Yoast SEO plugin. -->","yoast_head_json":{"title":"Our Memories - Domaine Musical de P\u00e9tignac","robots":{"index":"index","follow":"follow","max-snippet":"max-snippet:-1","max-image-preview":"max-image-preview:large","max-video-preview":"max-video-preview:-1"},"canonical":"https:\/\/www.fauvin.com\/en\/our-memories\/","og_locale":"en_US","og_type":"article","og_title":"Our Memories - Domaine Musical de P\u00e9tignac","og_description":"[vc_row][vc_column width=&#8221;1\/2&#8243;][vc_single_image media=&#8221;80268&#8243; media_width_percent=&#8221;100&#8243;][vc_custom_heading heading_semantic=&#8221;h3&#8243;]Journ\u00e9e avec le CRR de Limoges et le p\u00f4le Ali\u00e9nor de Poitiers &#8211; Janvier 2020[\/vc_custom_heading][vc_button button_color=&#8221;accent&#8221; [&hellip;]","og_url":"https:\/\/www.fauvin.com\/en\/our-memories\/","og_site_name":"Domaine Musical de P\u00e9tignac","article_modified_time":"2020-03-13T10:05:48+00:00","twitter_card":"summary_large_image","twitter_misc":{"Est. reading time":"1 minute"},"schema":{"@context":"https:\/\/schema.org","@graph":[{"@type":"WebPage","@id":"https:\/\/www.fauvin.com\/en\/our-memories\/","url":"https:\/\/www.fauvin.com\/en\/our-memories\/","name":"Our Memories - Domaine Musical de P\u00e9tignac","isPartOf":{"@id":"https:\/\/www.fauvin.com\/#website"},"datePublished":"2020-02-11T14:40:30+00:00","dateModified":"2020-03-13T10:05:48+00:00","breadcrumb":{"@id":"https:\/\/www.fauvin.com\/en\/our-memories\/#breadcrumb"},"inLanguage":"en-US","potentialAction":[{"@type":"ReadAction","target":["https:\/\/www.fauvin.com\/en\/our-memories\/"]}]},{"@type":"BreadcrumbList","@id":"https:\/\/www.fauvin.com\/en\/our-memories\/#breadcrumb","itemListElement":[{"@type":"ListItem","position":1,"name":"Accueil","item":"https:\/\/www.fauvin.com\/en\/"},{"@type":"ListItem","position":2,"name":"Our Memories"}]},{"@type":"WebSite","@id":"https:\/\/www.fauvin.com\/#website","url":"https:\/\/www.fauvin.com\/","name":"Domaine Musical de P\u00e9tignac","description":"Fauvin","potentialAction":[{"@type":"SearchAction","target":{"@type":"EntryPoint","urlTemplate":"https:\/\/www.fauvin.com\/?s={search_term_string}"},"query-input":"required name=search_term_string"}],"inLanguage":"en-US"}]}},"_links":{"self":[{"href":"https:\/\/www.fauvin.com\/en\/wp-json\/wp\/v2\/pages\/80473"}],"collection":[{"href":"https:\/\/www.fauvin.com\/en\/wp-json\/wp\/v2\/pages"}],"about":[{"href":"https:\/\/www.fauvin.com\/en\/wp-json\/wp\/v2\/types\/page"}],"author":[{"embeddable":true,"href":"https:\/\/www.fauvin.com\/en\/wp-json\/wp\/v2\/users\/4"}],"replies":[{"embeddable":true,"href":"https:\/\/www.fauvin.com\/en\/wp-json\/wp\/v2\/comments?post=80473"}],"version-history":[{"count":4,"href":"https:\/\/www.fauvin.com\/en\/wp-json\/wp\/v2\/pages\/80473\/revisions"}],"predecessor-version":[{"id":80575,"href":"https:\/\/www.fauvin.com\/en\/wp-json\/wp\/v2\/pages\/80473\/revisions\/80575"}],"wp:attachment":[{"href":"https:\/\/www.fauvin.com\/en\/wp-json\/wp\/v2\/media?parent=80473"}],"curies":[{"name":"wp","href":"https:\/\/api.w.org\/{rel}","templated":true}]}}