{"id":80476,"date":"2020-02-11T15:43:17","date_gmt":"2020-02-11T14:43:17","guid":{"rendered":"https:\/\/www.fauvin.com\/la-fete-de-la-musique-et-du-silence\/"},"modified":"2020-02-11T15:43:20","modified_gmt":"2020-02-11T14:43:20","slug":"la-fete-de-la-musique-et-du-silence","status":"publish","type":"page","link":"https:\/\/www.fauvin.com\/en\/la-fete-de-la-musique-et-du-silence\/","title":{"rendered":"La F\u00eate de la Musique et du Silence"},"content":{"rendered":"<div class=\"wpb-content-wrapper\"><p>[vc_row row_height_percent=&#8221;0&#8243; override_padding=&#8221;yes&#8221; h_padding=&#8221;2&#8243; top_padding=&#8221;5&#8243; bottom_padding=&#8221;3&#8243; overlay_alpha=&#8221;100&#8243; gutter_size=&#8221;3&#8243; column_width_percent=&#8221;100&#8243; shift_y=&#8221;0&#8243; z_index=&#8221;0&#8243; row_height_use_pixel=&#8221;&#8221;][vc_column column_width_use_pixel=&#8221;yes&#8221; gutter_size=&#8221;3&#8243; overlay_alpha=&#8221;50&#8243; shift_x=&#8221;0&#8243; shift_y=&#8221;0&#8243; medium_width=&#8221;0&#8243; zoom_width=&#8221;0&#8243; zoom_height=&#8221;0&#8243; column_width_pixel=&#8221;800&#8243;][vc_column_text]As usual, every year we have a real fete in Jurignac, the Fete of Music and Silence at the Domaine Musical of Petignac, in the commune of Val des Vignes (postcode 16250).<\/p>\n<p>It is not a fete organized for you and where you are simply the public. No. It is a fete that you come and make at our place with your friends.<\/p>\n<p>This fete is a gift given to you all by Fabienne and Gerard Fauvin, the whole team working at the Domaine, our contributors and our friends.<\/p>\n<p>This is a given fete, given for free.<\/p>\n<p>You will find music, all types of music, piano music, acoustic instruments, voices, pianos, strings, brass and more and again.<\/p>\n<p>On the spot you will find local food to taste, organic products to drink and eat, local products from our farms, all for your pleasure.[\/vc_column_text][\/vc_column][\/vc_row][vc_row row_height_percent=&#8221;0&#8243; override_padding=&#8221;yes&#8221; h_padding=&#8221;2&#8243; top_padding=&#8221;0&#8243; bottom_padding=&#8221;0&#8243; overlay_alpha=&#8221;100&#8243; gutter_size=&#8221;3&#8243; column_width_percent=&#8221;100&#8243; shift_y=&#8221;0&#8243; z_index=&#8221;0&#8243; row_height_use_pixel=&#8221;&#8221;][vc_column column_width_use_pixel=&#8221;yes&#8221; gutter_size=&#8221;3&#8243; overlay_alpha=&#8221;50&#8243; shift_x=&#8221;0&#8243; shift_y=&#8221;0&#8243; medium_width=&#8221;0&#8243; zoom_width=&#8221;0&#8243; zoom_height=&#8221;0&#8243; width=&#8221;5\/6&#8243;][vc_single_image media=&#8221;80043&#8243; media_width_percent=&#8221;100&#8243; media_ratio=&#8221;three-two&#8221; media_title_uppercase=&#8221;&#8221;][\/vc_column][vc_column column_width_percent=&#8221;100&#8243; gutter_size=&#8221;3&#8243; overlay_alpha=&#8221;50&#8243; shift_x=&#8221;0&#8243; shift_y=&#8221;0&#8243; medium_width=&#8221;0&#8243; zoom_width=&#8221;0&#8243; zoom_height=&#8221;0&#8243; width=&#8221;1\/6&#8243;][vc_column_text]Nous remercions tous les b\u00e9n\u00e9voles et les amis qui avec fid\u00e9lit\u00e9 nous aident chaque ann\u00e9e \u00e0 l&#8217;organisation de cette belle f\u00eate.[\/vc_column_text][\/vc_column][\/vc_row][vc_row row_height_percent=&#8221;0&#8243; override_padding=&#8221;yes&#8221; h_padding=&#8221;2&#8243; top_padding=&#8221;3&#8243; bottom_padding=&#8221;3&#8243; overlay_alpha=&#8221;100&#8243; gutter_size=&#8221;3&#8243; column_width_percent=&#8221;100&#8243; shift_y=&#8221;0&#8243; z_index=&#8221;0&#8243; row_height_use_pixel=&#8221;&#8221;][vc_column column_width_use_pixel=&#8221;yes&#8221; gutter_size=&#8221;3&#8243; overlay_alpha=&#8221;50&#8243; shift_x=&#8221;0&#8243; shift_y=&#8221;0&#8243; medium_width=&#8221;0&#8243; zoom_width=&#8221;0&#8243; zoom_height=&#8221;0&#8243; column_width_pixel=&#8221;800&#8243;][vc_column_text]Les festivit\u00e9s culinaires commencent d\u00e8s 19 heures, et la F\u00eate commence officiellement \u00e0 20 heures, et pour toute la nuit !<\/p>\n<p>C&#8217;est une F\u00eate gratuite, ouverte \u00e0 tous, inoubliable et absolument unique. Une f\u00eate ou plusieurs milliers de personnes se rencontrent dans la joie, pour \u00e9couter du Jazz, du blues, de la musique classique, du piano, du violon, de l&#8217;accord\u00e9on, du piano, des chorales, des chansons, des voix, et encore du piano&#8230;<\/p>\n<p>Une f\u00eate d&#8217;instruments acoustiques, de musiciens ouverts et g\u00e9n\u00e9reux, qui appr\u00e9cient de discuter et d&#8217;\u00e9changer avec des inconnus souriants et de c\u00e9l\u00e9brer la tol\u00e9rance, l&#8217;\u00e9t\u00e9 qui arrive, la lumi\u00e8re, les vins bios du terroir charentais, les foies gras et autres canardises produits localement, les fruits et l\u00e9gumes aussi bios que locaux, go\u00fbteux, app\u00e9tissants. Une f\u00eate pour toutes sortes de musiqueS et de musiciens, pour tous les \u00e2ges&#8230; Depuis 34 ans d\u00e9j\u00e0 ![\/vc_column_text][\/vc_column][\/vc_row][vc_row][vc_column width=&#8221;1\/1&#8243;][vc_custom_heading text_size=&#8221;h4&#8243;]<\/p>\n<h2 style=\"text-align: center;\">Souvenirs 2019<\/h2>\n<p>[\/vc_custom_heading][vc_gallery el_id=&#8221;gallery-112943&#8243; medias=&#8221;80054,80060,199,80056,80058,80062,80064,80066,80068,80070,80072,80074,80076,80078,80080,80082,80084,80086,80088,80090,80092,80095&#8243; gutter_size=&#8221;3&#8243; screen_lg=&#8221;1000&#8243; screen_md=&#8221;600&#8243; screen_sm=&#8221;480&#8243; single_overlay_opacity=&#8221;50&#8243; single_padding=&#8221;2&#8243; title=&#8221;Souvenires&#8221;][vc_custom_heading text_size=&#8221;h4&#8243;]<\/p>\n<h2 style=\"text-align: center;\">Souvenirs 2018<\/h2>\n<p>[\/vc_custom_heading][vc_gallery el_id=&#8221;gallery-112943&#8243; medias=&#8221;80099,80101,80114,80146,80150,80152,80154,80157,80161,80166,80169,80171,80173,80182&#8243; gutter_size=&#8221;3&#8243; screen_lg=&#8221;1000&#8243; screen_md=&#8221;600&#8243; screen_sm=&#8221;480&#8243; single_overlay_opacity=&#8221;50&#8243; single_padding=&#8221;2&#8243; title=&#8221;Souvenires&#8221;][\/vc_column][\/vc_row]<\/p>\n<\/div>","protected":false},"excerpt":{"rendered":"<p>[vc_row row_height_percent=&#8221;0&#8243; override_padding=&#8221;yes&#8221; h_padding=&#8221;2&#8243; top_padding=&#8221;5&#8243; bottom_padding=&#8221;3&#8243; overlay_alpha=&#8221;100&#8243; gutter_size=&#8221;3&#8243; column_width_percent=&#8221;100&#8243; shift_y=&#8221;0&#8243; z_index=&#8221;0&#8243; row_height_use_pixel=&#8221;&#8221;][vc_column column_width_use_pixel=&#8221;yes&#8221; gutter_size=&#8221;3&#8243; overlay_alpha=&#8221;50&#8243; shift_x=&#8221;0&#8243; shift_y=&#8221;0&#8243; medium_width=&#8221;0&#8243; zoom_width=&#8221;0&#8243; zoom_height=&#8221;0&#8243; [&hellip;]<\/p>\n","protected":false},"author":4,"featured_media":0,"parent":0,"menu_order":0,"comment_status":"closed","ping_status":"closed","template":"","meta":{"footnotes":""},"yoast_head":"<!-- This site is optimized with the Yoast SEO plugin v22.9 - https:\/\/yoast.com\/wordpress\/plugins\/seo\/ -->\n<title>La F\u00eate de la Musique et du Silence - Domaine Musical de P\u00e9tignac<\/title>\n<meta name=\"robots\" content=\"index, follow, max-snippet:-1, max-image-preview:large, max-video-preview:-1\" \/>\n<link rel=\"canonical\" href=\"https:\/\/www.fauvin.com\/en\/la-fete-de-la-musique-et-du-silence\/\" \/>\n<meta property=\"og:locale\" content=\"en_US\" \/>\n<meta property=\"og:type\" content=\"article\" \/>\n<meta property=\"og:title\" content=\"La F\u00eate de la Musique et du Silence - Domaine Musical de P\u00e9tignac\" \/>\n<meta property=\"og:description\" content=\"[vc_row row_height_percent=&#8221;0&#8243; override_padding=&#8221;yes&#8221; h_padding=&#8221;2&#8243; top_padding=&#8221;5&#8243; bottom_padding=&#8221;3&#8243; overlay_alpha=&#8221;100&#8243; gutter_size=&#8221;3&#8243; column_width_percent=&#8221;100&#8243; shift_y=&#8221;0&#8243; z_index=&#8221;0&#8243; row_height_use_pixel=&#8221;&#8221;][vc_column column_width_use_pixel=&#8221;yes&#8221; gutter_size=&#8221;3&#8243; overlay_alpha=&#8221;50&#8243; shift_x=&#8221;0&#8243; shift_y=&#8221;0&#8243; medium_width=&#8221;0&#8243; zoom_width=&#8221;0&#8243; zoom_height=&#8221;0&#8243; [&hellip;]\" \/>\n<meta property=\"og:url\" content=\"https:\/\/www.fauvin.com\/en\/la-fete-de-la-musique-et-du-silence\/\" \/>\n<meta property=\"og:site_name\" content=\"Domaine Musical de P\u00e9tignac\" \/>\n<meta property=\"article:modified_time\" content=\"2020-02-11T14:43:20+00:00\" \/>\n<meta name=\"twitter:card\" content=\"summary_large_image\" \/>\n<meta name=\"twitter:label1\" content=\"Est. reading time\" \/>\n\t<meta name=\"twitter:data1\" content=\"3 minutes\" \/>\n<script type=\"application\/ld+json\" class=\"yoast-schema-graph\">{\"@context\":\"https:\/\/schema.org\",\"@graph\":[{\"@type\":\"WebPage\",\"@id\":\"https:\/\/www.fauvin.com\/en\/la-fete-de-la-musique-et-du-silence\/\",\"url\":\"https:\/\/www.fauvin.com\/en\/la-fete-de-la-musique-et-du-silence\/\",\"name\":\"La F\u00eate de la Musique et du Silence - Domaine Musical de P\u00e9tignac\",\"isPartOf\":{\"@id\":\"https:\/\/www.fauvin.com\/#website\"},\"datePublished\":\"2020-02-11T14:43:17+00:00\",\"dateModified\":\"2020-02-11T14:43:20+00:00\",\"breadcrumb\":{\"@id\":\"https:\/\/www.fauvin.com\/en\/la-fete-de-la-musique-et-du-silence\/#breadcrumb\"},\"inLanguage\":\"en-US\",\"potentialAction\":[{\"@type\":\"ReadAction\",\"target\":[\"https:\/\/www.fauvin.com\/en\/la-fete-de-la-musique-et-du-silence\/\"]}]},{\"@type\":\"BreadcrumbList\",\"@id\":\"https:\/\/www.fauvin.com\/en\/la-fete-de-la-musique-et-du-silence\/#breadcrumb\",\"itemListElement\":[{\"@type\":\"ListItem\",\"position\":1,\"name\":\"Accueil\",\"item\":\"https:\/\/www.fauvin.com\/en\/\"},{\"@type\":\"ListItem\",\"position\":2,\"name\":\"La F\u00eate de la Musique et du Silence\"}]},{\"@type\":\"WebSite\",\"@id\":\"https:\/\/www.fauvin.com\/#website\",\"url\":\"https:\/\/www.fauvin.com\/\",\"name\":\"Domaine Musical de P\u00e9tignac\",\"description\":\"Fauvin\",\"potentialAction\":[{\"@type\":\"SearchAction\",\"target\":{\"@type\":\"EntryPoint\",\"urlTemplate\":\"https:\/\/www.fauvin.com\/?s={search_term_string}\"},\"query-input\":\"required name=search_term_string\"}],\"inLanguage\":\"en-US\"}]}<\/script>\n<!-- \/ Yoast SEO plugin. -->","yoast_head_json":{"title":"La F\u00eate de la Musique et du Silence - Domaine Musical de P\u00e9tignac","robots":{"index":"index","follow":"follow","max-snippet":"max-snippet:-1","max-image-preview":"max-image-preview:large","max-video-preview":"max-video-preview:-1"},"canonical":"https:\/\/www.fauvin.com\/en\/la-fete-de-la-musique-et-du-silence\/","og_locale":"en_US","og_type":"article","og_title":"La F\u00eate de la Musique et du Silence - Domaine Musical de P\u00e9tignac","og_description":"[vc_row row_height_percent=&#8221;0&#8243; override_padding=&#8221;yes&#8221; h_padding=&#8221;2&#8243; top_padding=&#8221;5&#8243; bottom_padding=&#8221;3&#8243; overlay_alpha=&#8221;100&#8243; gutter_size=&#8221;3&#8243; column_width_percent=&#8221;100&#8243; shift_y=&#8221;0&#8243; z_index=&#8221;0&#8243; row_height_use_pixel=&#8221;&#8221;][vc_column column_width_use_pixel=&#8221;yes&#8221; gutter_size=&#8221;3&#8243; overlay_alpha=&#8221;50&#8243; shift_x=&#8221;0&#8243; shift_y=&#8221;0&#8243; medium_width=&#8221;0&#8243; zoom_width=&#8221;0&#8243; zoom_height=&#8221;0&#8243; [&hellip;]","og_url":"https:\/\/www.fauvin.com\/en\/la-fete-de-la-musique-et-du-silence\/","og_site_name":"Domaine Musical de P\u00e9tignac","article_modified_time":"2020-02-11T14:43:20+00:00","twitter_card":"summary_large_image","twitter_misc":{"Est. reading time":"3 minutes"},"schema":{"@context":"https:\/\/schema.org","@graph":[{"@type":"WebPage","@id":"https:\/\/www.fauvin.com\/en\/la-fete-de-la-musique-et-du-silence\/","url":"https:\/\/www.fauvin.com\/en\/la-fete-de-la-musique-et-du-silence\/","name":"La F\u00eate de la Musique et du Silence - Domaine Musical de P\u00e9tignac","isPartOf":{"@id":"https:\/\/www.fauvin.com\/#website"},"datePublished":"2020-02-11T14:43:17+00:00","dateModified":"2020-02-11T14:43:20+00:00","breadcrumb":{"@id":"https:\/\/www.fauvin.com\/en\/la-fete-de-la-musique-et-du-silence\/#breadcrumb"},"inLanguage":"en-US","potentialAction":[{"@type":"ReadAction","target":["https:\/\/www.fauvin.com\/en\/la-fete-de-la-musique-et-du-silence\/"]}]},{"@type":"BreadcrumbList","@id":"https:\/\/www.fauvin.com\/en\/la-fete-de-la-musique-et-du-silence\/#breadcrumb","itemListElement":[{"@type":"ListItem","position":1,"name":"Accueil","item":"https:\/\/www.fauvin.com\/en\/"},{"@type":"ListItem","position":2,"name":"La F\u00eate de la Musique et du Silence"}]},{"@type":"WebSite","@id":"https:\/\/www.fauvin.com\/#website","url":"https:\/\/www.fauvin.com\/","name":"Domaine Musical de P\u00e9tignac","description":"Fauvin","potentialAction":[{"@type":"SearchAction","target":{"@type":"EntryPoint","urlTemplate":"https:\/\/www.fauvin.com\/?s={search_term_string}"},"query-input":"required name=search_term_string"}],"inLanguage":"en-US"}]}},"_links":{"self":[{"href":"https:\/\/www.fauvin.com\/en\/wp-json\/wp\/v2\/pages\/80476"}],"collection":[{"href":"https:\/\/www.fauvin.com\/en\/wp-json\/wp\/v2\/pages"}],"about":[{"href":"https:\/\/www.fauvin.com\/en\/wp-json\/wp\/v2\/types\/page"}],"author":[{"embeddable":true,"href":"https:\/\/www.fauvin.com\/en\/wp-json\/wp\/v2\/users\/4"}],"replies":[{"embeddable":true,"href":"https:\/\/www.fauvin.com\/en\/wp-json\/wp\/v2\/comments?post=80476"}],"version-history":[{"count":1,"href":"https:\/\/www.fauvin.com\/en\/wp-json\/wp\/v2\/pages\/80476\/revisions"}],"predecessor-version":[{"id":80477,"href":"https:\/\/www.fauvin.com\/en\/wp-json\/wp\/v2\/pages\/80476\/revisions\/80477"}],"wp:attachment":[{"href":"https:\/\/www.fauvin.com\/en\/wp-json\/wp\/v2\/media?parent=80476"}],"curies":[{"name":"wp","href":"https:\/\/api.w.org\/{rel}","templated":true}]}}